{"id":415,"date":"2012-05-12T10:57:23","date_gmt":"2012-05-12T08:57:23","guid":{"rendered":"http:\/\/www.delariberadelgenil.com\/public\/?page_id=415"},"modified":"2016-05-30T19:39:58","modified_gmt":"2016-05-30T17:39:58","slug":"entrenamientos","status":"publish","type":"page","link":"https:\/\/www.delariberadelgenil.com\/?page_id=415","title":{"rendered":"Entrenamientos"},"content":{"rendered":"<p><span style=\"color: #008000;\"><strong>Buceo \u00abMORO\u00bb BI Campeon de trabajo<\/strong><\/span><\/p>\n<p><iframe loading=\"lazy\" title=\"Perro de agua Espa\u00f1ol, Buceo a 1,20 &quot;Moro&quot;\" width=\"550\" height=\"309\" src=\"https:\/\/www.youtube.com\/embed\/FteejAEtFvg?feature=oembed\" frameborder=\"0\" allow=\"accelerometer; autoplay; clipboard-write; encrypted-media; gyroscope; picture-in-picture; web-share\" referrerpolicy=\"strict-origin-when-cross-origin\" allowfullscreen><\/iframe><\/p>\n<p>&nbsp;<\/p>\n<p><span style=\"color: #008000;\"><b>Iniciaci\u00f3n<\/b><\/span><strong style=\"color: #008000;\">\u00a0a rescate, Xuki de la ribera del Genil, 7 meses<\/strong><\/p>\n<p><iframe loading=\"lazy\" title=\"XUKI de la ribera del Genil, 7 meses, iniciandolo a rescate.\" width=\"550\" height=\"309\" src=\"https:\/\/www.youtube.com\/embed\/w4-yhq5cADE?feature=oembed\" frameborder=\"0\" allow=\"accelerometer; autoplay; clipboard-write; encrypted-media; gyroscope; picture-in-picture; web-share\" referrerpolicy=\"strict-origin-when-cross-origin\" allowfullscreen><\/iframe><\/p>\n<h2><strong><span style=\"color: #800000;\">Picar para ver\u00a0v\u00eddeos:<\/span><\/strong><\/h2>\n<h3><span style=\"color: #008000;\"><strong><a href=\"http:\/\/delariberadelgenil.wordpress.com\/2011\/04\/28\/iniciacion-al-trabajo-de-un-cachorr-pdae\/\"><span style=\"color: #008000;\">INICIACI\u00d3N AL TRABAJO DE UN CACHORR@ PDAE I <\/span><\/a><\/strong><\/span><\/h3>\n<h3><span style=\"color: #008000;\"><strong><a href=\"http:\/\/delariberadelgenil.wordpress.com\/2011\/05\/31\/iniciacion-al-trabajo-de-un-pdae-ii\/\"><span style=\"color: #008000;\">INICIACI\u00d3N AL TRABAJO DE UN CACHORR@ PDAE II<\/span><\/a><\/strong><\/span><\/h3>\n<h3><span style=\"color: #008000;\"><strong><a href=\"http:\/\/youtu.be\/jNPHhmOlAkI\"><span style=\"color: #008000;\">Cachorra con 90 d\u00edas, entrenando cobro y presa.<\/span><\/a><\/strong><\/span><\/h3>\n<h3><span style=\"color: #008000;\"><strong>\u00a0I- <a href=\"http:\/\/www.delariberadelgenil.com\/index.php?go=cam_trabajo&amp;entren=beto\"><span style=\"color: #008000;\">Entrenamientos de Beto<\/span><\/a><\/strong><\/span><\/h3>\n<p><span style=\"color: #008000;\"><strong>&#8211;<\/strong> <strong><a href=\"http:\/\/youtu.be\/T9Wu3UcBr9M\"><span style=\"color: #008000;\">BETO aprendiendo matematicas<\/span><\/a><\/strong><\/span><\/p>\n<p><span style=\"color: #008000;\"><strong>&#8211; <a href=\"http:\/\/youtu.be\/T9Wu3UcBr9M\"><span style=\"color: #008000;\">BETO buceo 50 cm<\/span><\/a><\/strong><\/span><\/p>\n<p><span style=\"color: #008000;\"><strong>&#8211; <a href=\"http:\/\/youtu.be\/EDElRlTmzNE\"><span style=\"color: #008000;\">Beto busqueda de objeto <\/span><\/a><\/strong><\/span><\/p>\n<p><span style=\"color: #008000;\"><strong>&#8211; <a href=\"http:\/\/youtu.be\/uRYOkeGNjbA\"><span style=\"color: #008000;\">Beto identificacion de objetos <\/span><\/a><\/strong><\/span><\/p>\n<p><span style=\"color: #008000;\"><strong>&#8211; <a href=\"http:\/\/youtu.be\/hsqgC9-qWSA\"><span style=\"color: #008000;\">Beto liberacion del duen\u0303o <\/span><\/a><\/strong><\/span><\/p>\n<p><span style=\"color: #008000;\"><strong>&#8211; <a href=\"http:\/\/youtu.be\/9qi04hbQ0dU\"><span style=\"color: #008000;\">Beto pista de catastrofe y salvamento <\/span><\/a><\/strong><\/span><\/p>\n<p><span style=\"color: #008000;\"><strong>&#8211; <a href=\"http:\/\/youtu.be\/wCGxxmpc63I\"><span style=\"color: #008000;\">Beto saca las llaves del contacto <\/span><\/a><\/strong><\/span><\/p>\n<h3><span style=\"color: #008000;\"><strong>&#8211; <a href=\"http:\/\/www.delariberadelgenil.com\/index.php?go=cam_trabajo&amp;entren=habdala\"><span style=\"color: #008000;\">Entrenamientos de Habdala de la Ribera del Genil<\/span><\/a><\/strong><\/span><\/h3>\n<h3><span style=\"color: #008000;\"><strong>&#8211;<a href=\"http:\/\/delariberadelgenil.wordpress.com\/2011\/08\/05\/entrenamientos-campeonato-de-trabajo-2011\/\"><span style=\"color: #008000;\"> Entrenamiento \u00abMORO\u00bb y PABLO Campeonato de Trabajo 2011<\/span><\/a><\/strong><\/span><\/h3>\n<h3><span style=\"color: #008000;\"><strong><a href=\"http:\/\/delariberadelgenil.wordpress.com\/2012\/02\/25\/entreno-en-obediencia-moro\/\"><span style=\"color: #008000;\">&#8211; Entrenamiento \u00bb MORO\u201d EN OBEDIENCIA <\/span><\/a><\/strong><\/span><\/h3>\n<h3><span style=\"color: #008000;\"><strong>&#8211; <a href=\"http:\/\/www.delariberadelgenil.com\/index.php?go=cam_trabajo&amp;entren=paka\"><span style=\"color: #008000;\">Entrenamientos de Paka<\/span><\/a><\/strong><\/span><\/h3>\n<h3><span style=\"color: #008000;\"><strong>&#8211; <a href=\"http:\/\/delariberadelgenil.wordpress.com\/2009\/08\/04\/entrenamiento-campeonato-internacional-de-trabajo09\/\"><span style=\"color: #008000;\">ENTRENAMIENTO PAKA y \u00abMORO\u00bb CAMPEONATO INTERNACIONAL DE TRABAJO\u201909<\/span><\/a><\/strong><\/span><\/h3>\n<p><span style=\"color: #008000;\">&#8211;<span style=\"text-decoration: underline;\"><strong> Entrenamientos de Aron de la Villa del Torcal<\/strong> <strong>\u00abGORDO\u00bb<\/strong><\/span><\/span><br \/>\n&#8211;<span style=\"color: #008000;\"><strong> <a href=\"http:\/\/delariberadelgenil.wordpress.com\/2012\/02\/23\/juego-con-2-pelotas-gordo\/\"><span style=\"color: #008000;\">Entrenamientos \u00abGORDO\u00bb Juego con 2 pelotas <\/span><\/a><\/strong><\/span><\/p>\n<p>&nbsp;<\/p>\n","protected":false},"excerpt":{"rendered":"<p>Buceo \u00abMORO\u00bb BI Campeon de trabajo &nbsp; Iniciaci\u00f3n\u00a0a rescate, Xuki de la ribera del Genil, 7 meses Picar para ver\u00a0v\u00eddeos: INICIACI\u00d3N AL TRABAJO DE UN CACHORR@ PDAE I INICIACI\u00d3N AL TRABAJO DE UN CACHORR@ PDAE II Cachorra con 90 d\u00edas, &hellip; <a href=\"https:\/\/www.delariberadelgenil.com\/?page_id=415\" class=\"more-link\">Continuar leyendo<\/a><\/p>\n","protected":false},"author":1,"featured_media":0,"parent":591,"menu_order":5,"comment_status":"closed","ping_status":"closed","template":"","meta":{"jetpack_post_was_ever_published":false,"footnotes":""},"class_list":["post-415","page","type-page","status-publish","hentry"],"jetpack_sharing_enabled":true,"jetpack_shortlink":"https:\/\/wp.me\/P2qQLF-6H","_links":{"self":[{"href":"https:\/\/www.delariberadelgenil.com\/index.php?rest_route=\/wp\/v2\/pages\/415","targetHints":{"allow":["GET"]}}],"collection":[{"href":"https:\/\/www.delariberadelgenil.com\/index.php?rest_route=\/wp\/v2\/pages"}],"about":[{"href":"https:\/\/www.delariberadelgenil.com\/index.php?rest_route=\/wp\/v2\/types\/page"}],"author":[{"embeddable":true,"href":"https:\/\/www.delariberadelgenil.com\/index.php?rest_route=\/wp\/v2\/users\/1"}],"replies":[{"embeddable":true,"href":"https:\/\/www.delariberadelgenil.com\/index.php?rest_route=%2Fwp%2Fv2%2Fcomments&post=415"}],"version-history":[{"count":12,"href":"https:\/\/www.delariberadelgenil.com\/index.php?rest_route=\/wp\/v2\/pages\/415\/revisions"}],"predecessor-version":[{"id":9764,"href":"https:\/\/www.delariberadelgenil.com\/index.php?rest_route=\/wp\/v2\/pages\/415\/revisions\/9764"}],"up":[{"embeddable":true,"href":"https:\/\/www.delariberadelgenil.com\/index.php?rest_route=\/wp\/v2\/pages\/591"}],"wp:attachment":[{"href":"https:\/\/www.delariberadelgenil.com\/index.php?rest_route=%2Fwp%2Fv2%2Fmedia&parent=415"}],"curies":[{"name":"wp","href":"https:\/\/api.w.org\/{rel}","templated":true}]}}